{"id":3354,"date":"2025-05-23T12:44:59","date_gmt":"2025-05-23T12:44:59","guid":{"rendered":"https:\/\/primary-production-5bc3.up.railway.app\/virtual-tour\/"},"modified":"2025-07-28T10:10:04","modified_gmt":"2025-07-28T10:10:04","slug":"virtual-tour","status":"publish","type":"page","link":"https:\/\/emeraldprague.com\/cs\/virtual-tour\/","title":{"rendered":"Virtu\u00e1ln\u00ed prohl\u00eddka"},"content":{"rendered":"","protected":false},"excerpt":{"rendered":"","protected":false},"author":1,"featured_media":225,"parent":0,"menu_order":0,"comment_status":"closed","ping_status":"closed","template":"templates\/template-tour.php","meta":{"_acf_changed":false,"footnotes":""},"class_list":["post-3354","page","type-page","status-publish","has-post-thumbnail","hentry"],"acf":[],"_links":{"self":[{"href":"https:\/\/emeraldprague.com\/cs\/wp-json\/wp\/v2\/pages\/3354","targetHints":{"allow":["GET"]}}],"collection":[{"href":"https:\/\/emeraldprague.com\/cs\/wp-json\/wp\/v2\/pages"}],"about":[{"href":"https:\/\/emeraldprague.com\/cs\/wp-json\/wp\/v2\/types\/page"}],"author":[{"embeddable":true,"href":"https:\/\/emeraldprague.com\/cs\/wp-json\/wp\/v2\/users\/1"}],"replies":[{"embeddable":true,"href":"https:\/\/emeraldprague.com\/cs\/wp-json\/wp\/v2\/comments?post=3354"}],"version-history":[{"count":1,"href":"https:\/\/emeraldprague.com\/cs\/wp-json\/wp\/v2\/pages\/3354\/revisions"}],"predecessor-version":[{"id":3359,"href":"https:\/\/emeraldprague.com\/cs\/wp-json\/wp\/v2\/pages\/3354\/revisions\/3359"}],"wp:featuredmedia":[{"embeddable":true,"href":"https:\/\/emeraldprague.com\/cs\/wp-json\/wp\/v2\/media\/225"}],"wp:attachment":[{"href":"https:\/\/emeraldprague.com\/cs\/wp-json\/wp\/v2\/media?parent=3354"}],"curies":[{"name":"wp","href":"https:\/\/api.w.org\/{rel}","templated":true}]}}